{"id":3103,"date":"2022-03-17T04:26:12","date_gmt":"2022-03-17T04:26:12","guid":{"rendered":"http:\/\/centredart.in\/evenements\/"},"modified":"2022-04-06T06:08:17","modified_gmt":"2022-04-06T06:08:17","slug":"evenements","status":"publish","type":"page","link":"https:\/\/centredart.in\/fr\/evenements\/","title":{"rendered":"\u00c9v\u00e9nements"},"content":{"rendered":"<p>[et_pb_section fb_built=\u00a0\u00bb1&Prime; custom_padding_last_edited=\u00a0\u00bbon|tablet\u00a0\u00bb admin_label=\u00a0\u00bbBlog\u00a0\u00bb _builder_version=\u00a0\u00bb3.22&Prime; background_color=\u00a0\u00bb#f4f4f4&Prime; custom_padding=\u00a0\u00bb110px||70px|\u00a0\u00bb custom_padding_tablet=\u00a0\u00bb60px||0px|\u00a0\u00bb custom_padding_phone=\u00a0\u00bb\u00a0\u00bb][et_pb_row custom_padding_last_edited=\u00a0\u00bbon|phone\u00a0\u00bb admin_label=\u00a0\u00bbBlog Title\u00a0\u00bb _builder_version=\u00a0\u00bb3.25&Prime; background_size=\u00a0\u00bbinitial\u00a0\u00bb background_position=\u00a0\u00bbtop_left\u00a0\u00bb background_repeat=\u00a0\u00bbrepeat\u00a0\u00bb custom_padding=\u00a0\u00bb30px|0px|120px|0px\u00a0\u00bb custom_padding_tablet=\u00a0\u00bb0px||0px|\u00a0\u00bb custom_padding_phone=\u00a0\u00bb\u00a0\u00bb][et_pb_column type=\u00a0\u00bb4_4&Prime; _builder_version=\u00a0\u00bb3.25&Prime; custom_padding=\u00a0\u00bb|||\u00a0\u00bb custom_padding__hover=\u00a0\u00bb|||\u00a0\u00bb][et_pb_text admin_label=\u00a0\u00bbLook Inside Title\u00a0\u00bb _builder_version=\u00a0\u00bb4.9.10&Prime; text_font=\u00a0\u00bb||||\u00a0\u00bb text_text_color=\u00a0\u00bb#1a1a1a\u00a0\u00bb header_font=\u00a0\u00bbOswald|on||on|\u00a0\u00bb header_text_align=\u00a0\u00bbcenter\u00a0\u00bb header_line_height=\u00a0\u00bb1.3em\u00a0\u00bb background_size=\u00a0\u00bbinitial\u00a0\u00bb background_position=\u00a0\u00bbtop_left\u00a0\u00bb background_repeat=\u00a0\u00bbrepeat\u00a0\u00bb max_width=\u00a0\u00bb450px\u00a0\u00bb module_alignment=\u00a0\u00bbcenter\u00a0\u00bb custom_margin=\u00a0\u00bb|||\u00a0\u00bb custom_margin_tablet=\u00a0\u00bb\u00a0\u00bb custom_margin_phone=\u00a0\u00bb||-25px||false|false\u00a0\u00bb custom_margin_last_edited=\u00a0\u00bbon|phone\u00a0\u00bb custom_padding=\u00a0\u00bb|||\u00a0\u00bb animation_style=\u00a0\u00bbslide\u00a0\u00bb animation_direction=\u00a0\u00bbtop\u00a0\u00bb animation_intensity_slide=\u00a0\u00bb10%\u00a0\u00bb header_font_size_tablet=\u00a0\u00bb\u00a0\u00bb header_font_size_phone=\u00a0\u00bb60px\u00a0\u00bb header_font_size_last_edited=\u00a0\u00bbon|phone\u00a0\u00bb locked=\u00a0\u00bboff\u00a0\u00bb]<\/p>\n<h1>\u00c9V\u00c9NEMENTS<\/h1>\n<p>[\/et_pb_text][et_pb_divider color=\u00a0\u00bb#ed4441&Prime; divider_position=\u00a0\u00bbcenter\u00a0\u00bb divider_weight=\u00a0\u00bb3px\u00a0\u00bb disabled_on=\u00a0\u00bboff|off|off%22&Prime; _builder_version=\u00a0\u00bb4.9.10&Prime; max_width=\u00a0\u00bb150px\u00a0\u00bb module_alignment=\u00a0\u00bbcenter\u00a0\u00bb height=\u00a0\u00bbfalse\u00a0\u00bb custom_margin=\u00a0\u00bb30px|||\u00a0\u00bb animation_style=\u00a0\u00bbslide\u00a0\u00bb animation_direction=\u00a0\u00bbtop\u00a0\u00bb animation_delay=\u00a0\u00bb100ms\u00a0\u00bb animation_intensity_slide=\u00a0\u00bb10%\u00a0\u00bb locked=\u00a0\u00bboff\u00a0\u00bb][\/et_pb_divider][\/et_pb_column][\/et_pb_row][et_pb_row admin_label=\u00a0\u00bbPublications\u00a0\u00bb _builder_version=\u00a0\u00bb4.9.10&Prime; background_size=\u00a0\u00bbinitial\u00a0\u00bb background_position=\u00a0\u00bbtop_left\u00a0\u00bb background_repeat=\u00a0\u00bbrepeat\u00a0\u00bb custom_margin_tablet=\u00a0\u00bb50px||||false|false\u00a0\u00bb custom_margin_phone=\u00a0\u00bb40px||||false|false\u00a0\u00bb custom_margin_last_edited=\u00a0\u00bbon|phone\u00a0\u00bb custom_padding=\u00a0\u00bb|||\u00a0\u00bb][et_pb_column type=\u00a0\u00bb4_4&Prime; _builder_version=\u00a0\u00bb3.25&Prime; custom_padding=\u00a0\u00bb|||\u00a0\u00bb custom_padding__hover=\u00a0\u00bb|||\u00a0\u00bb][et_pb_blog fullwidth=\u00a0\u00bboff\u00a0\u00bb posts_number=\u00a0\u00bb9999&Prime; show_author=\u00a0\u00bboff\u00a0\u00bb show_date=\u00a0\u00bboff\u00a0\u00bb show_categories=\u00a0\u00bboff\u00a0\u00bb show_pagination=\u00a0\u00bboff\u00a0\u00bb masonry_tile_background_color=\u00a0\u00bb#ffffff\u00a0\u00bb _builder_version=\u00a0\u00bb4.9.10&Prime; header_font=\u00a0\u00bbOswald|on||on|\u00a0\u00bb header_text_color=\u00a0\u00bb#1a1a1a\u00a0\u00bb header_font_size=\u00a0\u00bb24px\u00a0\u00bb header_line_height=\u00a0\u00bb1.3em\u00a0\u00bb body_font=\u00a0\u00bbRoboto||||\u00a0\u00bb body_font_size=\u00a0\u00bb16px\u00a0\u00bb body_line_height=\u00a0\u00bb1.9em\u00a0\u00bb meta_font=\u00a0\u00bbRoboto||||\u00a0\u00bb meta_text_color=\u00a0\u00bbrgba(0,0,0,0.3)\u00a0\u00bb meta_font_size=\u00a0\u00bb14px\u00a0\u00bb animation_style=\u00a0\u00bbfade\u00a0\u00bb hover_enabled=\u00a0\u00bb0&Prime; border_width_all=\u00a0\u00bb0px\u00a0\u00bb border_color_all=\u00a0\u00bb#eaeaea\u00a0\u00bb border_style_all=\u00a0\u00bbsolid\u00a0\u00bb border_width_all_fullwidth=\u00a0\u00bb0px\u00a0\u00bb border_color_all_fullwidth=\u00a0\u00bb#eaeaea\u00a0\u00bb border_style_all_fullwidth=\u00a0\u00bbsolid\u00a0\u00bb use_border_color=\u00a0\u00bbon\u00a0\u00bb border_color=\u00a0\u00bb#eaeaea\u00a0\u00bb border_width=\u00a0\u00bb0px\u00a0\u00bb sticky_enabled=\u00a0\u00bb0&Prime;][\/et_pb_blog][\/et_pb_column][\/et_pb_row][\/et_pb_section]<\/p>\n","protected":false},"excerpt":{"rendered":"<p>\u00c9V\u00c9NEMENTS<\/p>\n","protected":false},"author":1,"featured_media":0,"parent":0,"menu_order":0,"comment_status":"closed","ping_status":"closed","template":"","meta":{"_acf_changed":false,"_et_pb_use_builder":"on","_et_pb_old_content":"","_et_gb_content_width":"","footnotes":""},"class_list":["post-3103","page","type-page","status-publish","hentry"],"acf":[],"yoast_head":"<!-- This site is optimized with the Yoast SEO plugin v27.3 - https:\/\/yoast.com\/product\/yoast-seo-wordpress\/ -->\n<title>\u00c9v\u00e9nements - Centre d&#039;art<\/title>\n<meta name=\"robots\" content=\"index, follow, max-snippet:-1, max-image-preview:large, max-video-preview:-1\" \/>\n<link rel=\"canonical\" href=\"https:\/\/centredart.in\/fr\/evenements\/\" \/>\n<meta property=\"og:locale\" content=\"fr_FR\" \/>\n<meta property=\"og:type\" content=\"article\" \/>\n<meta property=\"og:title\" content=\"\u00c9v\u00e9nements - Centre d&#039;art\" \/>\n<meta property=\"og:description\" content=\"\u00c9V\u00c9NEMENTS\" \/>\n<meta property=\"og:url\" content=\"https:\/\/centredart.in\/fr\/evenements\/\" \/>\n<meta property=\"og:site_name\" content=\"Centre d&#039;art\" \/>\n<meta property=\"article:modified_time\" content=\"2022-04-06T06:08:17+00:00\" \/>\n<meta name=\"twitter:card\" content=\"summary_large_image\" \/>\n<meta name=\"twitter:label1\" content=\"Dur\u00e9e de lecture estim\u00e9e\" \/>\n\t<meta name=\"twitter:data1\" content=\"2 minutes\" \/>\n<script type=\"application\/ld+json\" class=\"yoast-schema-graph\">{\"@context\":\"https:\\\/\\\/schema.org\",\"@graph\":[{\"@type\":\"WebPage\",\"@id\":\"https:\\\/\\\/centredart.in\\\/fr\\\/evenements\\\/\",\"url\":\"https:\\\/\\\/centredart.in\\\/fr\\\/evenements\\\/\",\"name\":\"\u00c9v\u00e9nements - Centre d&#039;art\",\"isPartOf\":{\"@id\":\"https:\\\/\\\/centredart.in\\\/fr\\\/#website\"},\"datePublished\":\"2022-03-17T04:26:12+00:00\",\"dateModified\":\"2022-04-06T06:08:17+00:00\",\"breadcrumb\":{\"@id\":\"https:\\\/\\\/centredart.in\\\/fr\\\/evenements\\\/#breadcrumb\"},\"inLanguage\":\"fr-FR\",\"potentialAction\":[{\"@type\":\"ReadAction\",\"target\":[\"https:\\\/\\\/centredart.in\\\/fr\\\/evenements\\\/\"]}]},{\"@type\":\"BreadcrumbList\",\"@id\":\"https:\\\/\\\/centredart.in\\\/fr\\\/evenements\\\/#breadcrumb\",\"itemListElement\":[{\"@type\":\"ListItem\",\"position\":1,\"name\":\"Home\",\"item\":\"https:\\\/\\\/centredart.in\\\/fr\\\/\"},{\"@type\":\"ListItem\",\"position\":2,\"name\":\"\u00c9v\u00e9nements\"}]},{\"@type\":\"WebSite\",\"@id\":\"https:\\\/\\\/centredart.in\\\/fr\\\/#website\",\"url\":\"https:\\\/\\\/centredart.in\\\/fr\\\/\",\"name\":\"Centre d&#039;art\",\"description\":\"Auroville&#039;s Art Gallery\",\"publisher\":{\"@id\":\"https:\\\/\\\/centredart.in\\\/fr\\\/#organization\"},\"potentialAction\":[{\"@type\":\"SearchAction\",\"target\":{\"@type\":\"EntryPoint\",\"urlTemplate\":\"https:\\\/\\\/centredart.in\\\/fr\\\/?s={search_term_string}\"},\"query-input\":{\"@type\":\"PropertyValueSpecification\",\"valueRequired\":true,\"valueName\":\"search_term_string\"}}],\"inLanguage\":\"fr-FR\"},{\"@type\":\"Organization\",\"@id\":\"https:\\\/\\\/centredart.in\\\/fr\\\/#organization\",\"name\":\"Centre d'Art\",\"url\":\"https:\\\/\\\/centredart.in\\\/fr\\\/\",\"logo\":{\"@type\":\"ImageObject\",\"inLanguage\":\"fr-FR\",\"@id\":\"https:\\\/\\\/centredart.in\\\/fr\\\/#\\\/schema\\\/logo\\\/image\\\/\",\"url\":\"http:\\\/\\\/centredart.in\\\/wp-content\\\/uploads\\\/2021\\\/06\\\/CentredARTLogoLong.png\",\"contentUrl\":\"http:\\\/\\\/centredart.in\\\/wp-content\\\/uploads\\\/2021\\\/06\\\/CentredARTLogoLong.png\",\"width\":660,\"height\":314,\"caption\":\"Centre d'Art\"},\"image\":{\"@id\":\"https:\\\/\\\/centredart.in\\\/fr\\\/#\\\/schema\\\/logo\\\/image\\\/\"},\"sameAs\":[\"https:\\\/\\\/www.instagram.com\\\/accounts\\\/login\\\/\",\"https:\\\/\\\/www.youtube.com\\\/channel\\\/UC-uyzaB-uXZ07qyRtwN3IOg\"]}]}<\/script>\n<!-- \/ Yoast SEO plugin. -->","yoast_head_json":{"title":"\u00c9v\u00e9nements - Centre d&#039;art","robots":{"index":"index","follow":"follow","max-snippet":"max-snippet:-1","max-image-preview":"max-image-preview:large","max-video-preview":"max-video-preview:-1"},"canonical":"https:\/\/centredart.in\/fr\/evenements\/","og_locale":"fr_FR","og_type":"article","og_title":"\u00c9v\u00e9nements - Centre d&#039;art","og_description":"\u00c9V\u00c9NEMENTS","og_url":"https:\/\/centredart.in\/fr\/evenements\/","og_site_name":"Centre d&#039;art","article_modified_time":"2022-04-06T06:08:17+00:00","twitter_card":"summary_large_image","twitter_misc":{"Dur\u00e9e de lecture estim\u00e9e":"2 minutes"},"schema":{"@context":"https:\/\/schema.org","@graph":[{"@type":"WebPage","@id":"https:\/\/centredart.in\/fr\/evenements\/","url":"https:\/\/centredart.in\/fr\/evenements\/","name":"\u00c9v\u00e9nements - Centre d&#039;art","isPartOf":{"@id":"https:\/\/centredart.in\/fr\/#website"},"datePublished":"2022-03-17T04:26:12+00:00","dateModified":"2022-04-06T06:08:17+00:00","breadcrumb":{"@id":"https:\/\/centredart.in\/fr\/evenements\/#breadcrumb"},"inLanguage":"fr-FR","potentialAction":[{"@type":"ReadAction","target":["https:\/\/centredart.in\/fr\/evenements\/"]}]},{"@type":"BreadcrumbList","@id":"https:\/\/centredart.in\/fr\/evenements\/#breadcrumb","itemListElement":[{"@type":"ListItem","position":1,"name":"Home","item":"https:\/\/centredart.in\/fr\/"},{"@type":"ListItem","position":2,"name":"\u00c9v\u00e9nements"}]},{"@type":"WebSite","@id":"https:\/\/centredart.in\/fr\/#website","url":"https:\/\/centredart.in\/fr\/","name":"Centre d&#039;art","description":"Auroville&#039;s Art Gallery","publisher":{"@id":"https:\/\/centredart.in\/fr\/#organization"},"potentialAction":[{"@type":"SearchAction","target":{"@type":"EntryPoint","urlTemplate":"https:\/\/centredart.in\/fr\/?s={search_term_string}"},"query-input":{"@type":"PropertyValueSpecification","valueRequired":true,"valueName":"search_term_string"}}],"inLanguage":"fr-FR"},{"@type":"Organization","@id":"https:\/\/centredart.in\/fr\/#organization","name":"Centre d'Art","url":"https:\/\/centredart.in\/fr\/","logo":{"@type":"ImageObject","inLanguage":"fr-FR","@id":"https:\/\/centredart.in\/fr\/#\/schema\/logo\/image\/","url":"http:\/\/centredart.in\/wp-content\/uploads\/2021\/06\/CentredARTLogoLong.png","contentUrl":"http:\/\/centredart.in\/wp-content\/uploads\/2021\/06\/CentredARTLogoLong.png","width":660,"height":314,"caption":"Centre d'Art"},"image":{"@id":"https:\/\/centredart.in\/fr\/#\/schema\/logo\/image\/"},"sameAs":["https:\/\/www.instagram.com\/accounts\/login\/","https:\/\/www.youtube.com\/channel\/UC-uyzaB-uXZ07qyRtwN3IOg"]}]}},"_links":{"self":[{"href":"https:\/\/centredart.in\/fr\/wp-json\/wp\/v2\/pages\/3103","targetHints":{"allow":["GET"]}}],"collection":[{"href":"https:\/\/centredart.in\/fr\/wp-json\/wp\/v2\/pages"}],"about":[{"href":"https:\/\/centredart.in\/fr\/wp-json\/wp\/v2\/types\/page"}],"author":[{"embeddable":true,"href":"https:\/\/centredart.in\/fr\/wp-json\/wp\/v2\/users\/1"}],"replies":[{"embeddable":true,"href":"https:\/\/centredart.in\/fr\/wp-json\/wp\/v2\/comments?post=3103"}],"version-history":[{"count":0,"href":"https:\/\/centredart.in\/fr\/wp-json\/wp\/v2\/pages\/3103\/revisions"}],"wp:attachment":[{"href":"https:\/\/centredart.in\/fr\/wp-json\/wp\/v2\/media?parent=3103"}],"curies":[{"name":"wp","href":"https:\/\/api.w.org\/{rel}","templated":true}]}}